{"id":1118,"date":"2015-05-25T12:55:10","date_gmt":"2015-05-25T12:55:10","guid":{"rendered":"http:\/\/www.maldonadosautorepair.com\/?page_id=1118&#038;lang=es"},"modified":"2024-09-19T23:13:24","modified_gmt":"2024-09-19T23:13:24","slug":"quienes-somos","status":"publish","type":"page","link":"https:\/\/www.maldonadosautorepair.com\/es\/quienes-somos\/","title":{"rendered":"QUIENES SOMOS"},"content":{"rendered":"<p>[vc_row fullwidth=&#8221;yes&#8221; type=&#8221;full-width&#8221; css=&#8221;.vc_custom_1726786361711{border-top-width: 5px !important;padding-top: 0px !important;padding-bottom: 0px !important;background-color: #005cb4 !important;border-top-color: #fcba2d !important;border-top-style: solid !important;}&#8221;][vc_column][vc_single_image image=&#8221;1835&#8243; img_size=&#8221;full&#8221; alignment=&#8221;center&#8221;][\/vc_column][\/vc_row][vc_row equal_height=&#8221;yes&#8221; content_placement=&#8221;middle&#8221; el_class=&#8221;margin-top-70&#8243; css=&#8221;.vc_custom_1726787563318{padding-top: 75px !important;padding-bottom: 75px !important;}&#8221; responsive=&#8221;vc_hidden-sm vc_hidden-xs&#8221;][vc_column width=&#8221;1\/2&#8243;][vc_column_text]<\/p>\n<p style=\"text-align: justify;\">Somos una empresa que empez\u00f3 a trabajar en el estado de Washington en el 2002 y que ha venido creciendo con esfuerzo, honradez, dedicaci\u00f3n, experiencia y sobre todo con excelencia en servicio al cliente, contamos con experiencia de 30 a\u00f1os en reparaci\u00f3n autos. Experiencia de 15 a\u00f1os trabajando en la planta armadora de Volkswagen de M\u00e9xico en el Estado de Puebla en las secciones de hojalater\u00eda y pintura y actualmente certificados en el estado de Washington (I-CAR)<\/p>\n<h4 style=\"text-align: left;\">\u00bfQue nos diferencia de los dem\u00e1s?<\/h4>\n<p style=\"text-align: justify;\">La dedicaci\u00f3n, esmero y excelencia en servicio que ofrecemos en cada proyecto nos hace perfeccionar nuestro trabajo y hacerlo cada vez mejor, d\u00e1ndonos como resultado una cartera muy amplia de clientes satisfechos, recomendando nuestro trabajo y regresando con cada uno de sus veh\u00edculos.<\/p>\n<p style=\"text-align: justify;\">El esfuerzo, honradez, experiencia y dedicaci\u00f3n han sido la clave de nuestro \u00e9xito, que sin duda nos ha ayudado a ser los mejores en el ramo de hojalater\u00eda y pintura automotriz con certificaci\u00f3n en el Estado de Washington.<\/p>\n<p>[\/vc_column_text][\/vc_column][vc_column width=&#8221;1\/2&#8243;][vc_single_image image=&#8221;1086&#8243; img_size=&#8221;full&#8221; alignment=&#8221;center&#8221; style=&#8221;vc_box_border&#8221; border_color=&#8221;black&#8221;][vc_empty_space][vc_row_inner el_class=&#8221;margin-top-30&#8243;][vc_column_inner width=&#8221;1\/2&#8243;][vc_single_image image=&#8221;1265&#8243; img_size=&#8221;full&#8221; alignment=&#8221;center&#8221; style=&#8221;vc_box_border&#8221; border_color=&#8221;black&#8221;][\/vc_column_inner][vc_column_inner width=&#8221;1\/2&#8243;][vc_single_image image=&#8221;1279&#8243; img_size=&#8221;full&#8221; alignment=&#8221;center&#8221; style=&#8221;vc_box_border&#8221; border_color=&#8221;black&#8221;][\/vc_column_inner][\/vc_row_inner][\/vc_column][\/vc_row][vc_row equal_height=&#8221;yes&#8221; content_placement=&#8221;middle&#8221; el_class=&#8221;margin-top-70&#8243; css=&#8221;.vc_custom_1726787573336{padding-top: 0px !important;padding-bottom: 75px !important;}&#8221; responsive=&#8221;vc_hidden-lg vc_hidden-md&#8221;][vc_column][vc_single_image image=&#8221;1086&#8243; img_size=&#8221;full&#8221; alignment=&#8221;center&#8221; style=&#8221;vc_box_border&#8221; border_color=&#8221;black&#8221;][vc_empty_space][vc_column_text el_class=&#8221;&#8221; css=&#8221;.vc_custom_1726787584128{padding-right: 20px !important;padding-left: 20px !important;}&#8221;]<\/p>\n<p style=\"text-align: justify;\">Somos una empresa que empez\u00f3 a trabajar en el estado de Washington en el 2002 y que ha venido creciendo con esfuerzo, honradez, dedicaci\u00f3n, experiencia y sobre todo con excelencia en servicio al cliente, contamos con experiencia de 30 a\u00f1os en reparaci\u00f3n autos. Experiencia de 15 a\u00f1os trabajando en la planta armadora de Volkswagen de M\u00e9xico en el Estado de Puebla en las secciones de hojalater\u00eda y pintura y actualmente certificados en el estado de Washington (I-CAR)<\/p>\n<h4 style=\"text-align: left;\">\u00bfQue nos diferencia de los dem\u00e1s?<\/h4>\n<p style=\"text-align: justify;\">La dedicaci\u00f3n, esmero y excelencia en servicio que ofrecemos en cada proyecto nos hace perfeccionar nuestro trabajo y hacerlo cada vez mejor, d\u00e1ndonos como resultado una cartera muy amplia de clientes satisfechos, recomendando nuestro trabajo y regresando con cada uno de sus veh\u00edculos.<\/p>\n<p style=\"text-align: justify;\">El esfuerzo, honradez, experiencia y dedicaci\u00f3n han sido la clave de nuestro \u00e9xito, que sin duda nos ha ayudado a ser los mejores en el ramo de hojalater\u00eda y pintura automotriz con certificaci\u00f3n en el Estado de Washington.<\/p>\n<p>[\/vc_column_text][vc_empty_space][vc_single_image image=&#8221;1265&#8243; img_size=&#8221;full&#8221; alignment=&#8221;center&#8221; style=&#8221;vc_box_border&#8221; border_color=&#8221;black&#8221;][vc_single_image image=&#8221;1279&#8243; img_size=&#8221;full&#8221; alignment=&#8221;center&#8221; style=&#8221;vc_box_border&#8221; border_color=&#8221;black&#8221;][\/vc_column][\/vc_row][vc_row color_skin=&#8221;skin-dark&#8221; el_class=&#8221;&#8221; fullwidth=&#8221;yes&#8221; type=&#8221;full-width&#8221; css=&#8221;.vc_custom_1726787600303{padding-top: 50px !important;padding-right: 20px !important;padding-bottom: 50px !important;padding-left: 20px !important;background-image: url(http:\/\/www.maldonadosautorepair.com\/wp-content\/uploads\/2020\/11\/formbg.jpg?id=1263) !important;background-position: center !important;background-repeat: no-repeat !important;background-size: cover !important;}&#8221;][vc_column width=&#8221;1\/6&#8243;][\/vc_column][vc_column width=&#8221;2\/3&#8243; css=&#8221;.vc_custom_1606487674571{padding-top: 25px !important;padding-right: 25px !important;padding-bottom: 25px !important;padding-left: 25px !important;}&#8221;][vc_custom_heading text=&#8221;Obtenga su Presupuesto Gratis&#8221; font_container=&#8221;tag:h2|font_size:42|text_align:center|color:%23ffffff&#8221; use_theme_fonts=&#8221;yes&#8221;]\n<div class=\"wpcf7 no-js\" id=\"wpcf7-f1347-o1\" lang=\"en-US\" dir=\"ltr\" data-wpcf7-id=\"1347\">\n<div class=\"screen-reader-response\"><p role=\"status\" aria-live=\"polite\" aria-atomic=\"true\"><\/p> <ul><\/ul><\/div>\n<form action=\"\/es\/wp-json\/wp\/v2\/pages\/1118#wpcf7-f1347-o1\" method=\"post\" class=\"wpcf7-form init\" aria-label=\"Contact form\" novalidate=\"novalidate\" data-status=\"init\">\n<fieldset class=\"hidden-fields-container\"><input type=\"hidden\" name=\"_wpcf7\" value=\"1347\" \/><input type=\"hidden\" name=\"_wpcf7_version\" value=\"6.1.5\" \/><input type=\"hidden\" name=\"_wpcf7_locale\" value=\"en_US\" \/><input type=\"hidden\" name=\"_wpcf7_unit_tag\" value=\"wpcf7-f1347-o1\" \/><input type=\"hidden\" name=\"_wpcf7_container_post\" value=\"0\" \/><input type=\"hidden\" name=\"_wpcf7_posted_data_hash\" value=\"\" \/>\n<\/fieldset>\n<div class=\"g5plus-contact-form clearfix\">\n\t<p><span id=\"wpcf7-69d0141500f86-wrapper\" class=\"wpcf7-form-control-wrap honeypot-862-wrap\" ><input type=\"hidden\" name=\"honeypot-862-time-start\" value=\"1775244309\"><input type=\"hidden\" name=\"honeypot-862-time-check\" value=\"4\"><label for=\"wpcf7-69d0141500f86-field\" class=\"hp-message\">Please leave this field empty.<\/label><input id=\"wpcf7-69d0141500f86-field\"  placeholder=\"Honeypot\"  class=\"wpcf7-form-control wpcf7-text\" type=\"text\" name=\"honeypot-862\" value=\"\" size=\"40\" tabindex=\"-1\" autocomplete=\"new-password\" \/><\/span><br \/>\n\t<div class=\"wpcf7-response-output\" aria-hidden=\"true\"><\/div>\n\t<div class= \"column-2\">\n\t\t<div class=\"ct-name ct-left\">\n\t\t\t<p><span class=\"wpcf7-form-control-wrap\" data-name=\"your-name\"><input size=\"40\" maxlength=\"400\" class=\"wpcf7-form-control wpcf7-text wpcf7-validates-as-required\" aria-required=\"true\" aria-invalid=\"false\" placeholder=\"Cu\u00e1l Es Tu Nombre? *\" value=\"\" type=\"text\" name=\"your-name\" \/><\/span>\n\t\t\t<\/p>\n\t\t<\/div>\n\t\t<div class=\"ct-email ct-right\">\n\t\t\t<p><span class=\"wpcf7-form-control-wrap\" data-name=\"your-email\"><input size=\"40\" maxlength=\"400\" class=\"wpcf7-form-control wpcf7-email wpcf7-validates-as-required wpcf7-text wpcf7-validates-as-email\" aria-required=\"true\" aria-invalid=\"false\" placeholder=\"Cual Es Tu Email *\" value=\"\" type=\"email\" name=\"your-email\" \/><\/span>\n\t\t\t<\/p>\n\t\t<\/div>\n\t<\/div>\n\t<div class= \"column-2\">\n\t\t<div class=\"ct-name ct-left\">\n\t\t\t<p><span class=\"wpcf7-form-control-wrap\" data-name=\"your-phone\"><input size=\"40\" maxlength=\"400\" class=\"wpcf7-form-control wpcf7-tel wpcf7-validates-as-required wpcf7-text wpcf7-validates-as-tel\" aria-required=\"true\" aria-invalid=\"false\" placeholder=\"Tu Numero De Tel\u00e9fono *\" value=\"\" type=\"tel\" name=\"your-phone\" \/><\/span>\n\t\t\t<\/p>\n\t\t<\/div>\n\t\t<div class=\"ct-email ct-right\">\n\t\t\t<p><span class=\"wpcf7-form-control-wrap\" data-name=\"your-service\"><select class=\"wpcf7-form-control wpcf7-select\" aria-invalid=\"false\" name=\"your-service\"><option value=\"\">Por Favor Selecciona<\/option><option value=\"Pintura\">Pintura<\/option><option value=\"Hojalater\u00eda\">Hojalater\u00eda<\/option><option value=\"Trabajos en Chasis\">Trabajos en Chasis<\/option><option value=\"Instalaci\u00f3n de Body Kits\">Instalaci\u00f3n de Body Kits<\/option><option value=\"Instalaci\u00f3n de Cofres\">Instalaci\u00f3n de Cofres<\/option><option value=\"Instalaci\u00f3n de Salpicaderas\">Instalaci\u00f3n de Salpicaderas<\/option><option value=\"Instalaci\u00f3n de Defensas\">Instalaci\u00f3n de Defensas<\/option><option value=\"Instalaci\u00f3n o Reparaci\u00f3n de Mofles\">Instalaci\u00f3n o Reparaci\u00f3n de Mofles<\/option><option value=\"Instalaci\u00f3n de Elevadores de Cristales y Puertas\">Instalaci\u00f3n de Elevadores de Cristales y Puertas<\/option><option value=\"Instalaci\u00f3n de Quemacocos Manuales\">Instalaci\u00f3n de Quemacocos Manuales<\/option><option value=\"Instalaci\u00f3n de Parabrisas\">Instalaci\u00f3n de Parabrisas<\/option><option value=\"Ayuda Para Localizar Partes de Auto\">Ayuda Para Localizar Partes de Auto<\/option><\/select><\/span>\n\t\t\t<\/p>\n\t\t<\/div>\n\t<\/div>\n\t<div>\n\t\t<p><span class=\"wpcf7-form-control-wrap\" data-name=\"your-message\"><textarea cols=\"40\" rows=\"10\" maxlength=\"2000\" class=\"wpcf7-form-control wpcf7-textarea wpcf7-validates-as-required\" aria-required=\"true\" aria-invalid=\"false\" placeholder=\"Como Podemos Ayudarte? *\" name=\"your-message\"><\/textarea><\/span>\n\t\t<\/p>\n\t<\/div>\n\t<div class=\"btn-submit\">\n\t\t<p><input class=\"wpcf7-form-control wpcf7-submit has-spinner btn btn-orange\" type=\"submit\" value=\"\u2192 ENVIAR FORMULARIO! \u2190\" \/>\n\t\t<\/p>\n\t<\/div>\n<\/div>\n<\/form>\n<\/div>\n[\/vc_column][vc_column width=&#8221;1\/6&#8243;][\/vc_column][\/vc_row]<\/p>\n","protected":false},"excerpt":{"rendered":"<p>[vc_row fullwidth=&#8221;yes&#8221; type=&#8221;full-width&#8221; css=&#8221;.vc_custom_1726786361711{border-top-width: 5px !important;padding-top: 0px !important;padding-bottom: 0px !important;background-color: #005cb4 !important;border-top-color: #fcba2d !important;border-top-style: solid !important;}&#8221;][vc_column][vc_single_image image=&#8221;1835&#8243; img_size=&#8221;full&#8221; alignment=&#8221;center&#8221;][\/vc_column][\/vc_row][vc_row equal_height=&#8221;yes&#8221; content_placement=&#8221;middle&#8221; el_class=&#8221;margin-top-70&#8243; css=&#8221;.vc_custom_1726787563318{padding-top: 75px !important;padding-bottom: 75px !important;}&#8221; responsive=&#8221;vc_hidden-sm vc_hidden-xs&#8221;][vc_column width=&#8221;1\/2&#8243;][vc_column_text] Somos una empresa que empez\u00f3 a trabajar en el estado de Washington en el 2002 y que ha venido creciendo con esfuerzo, honradez, dedicaci\u00f3n, experiencia [&hellip;]<\/p>\n","protected":false},"author":1,"featured_media":0,"parent":0,"menu_order":0,"comment_status":"closed","ping_status":"closed","template":"","meta":{"footnotes":""},"class_list":["post-1118","page","type-page","status-publish","hentry"],"aioseo_notices":[],"_links":{"self":[{"href":"https:\/\/www.maldonadosautorepair.com\/es\/wp-json\/wp\/v2\/pages\/1118","targetHints":{"allow":["GET"]}}],"collection":[{"href":"https:\/\/www.maldonadosautorepair.com\/es\/wp-json\/wp\/v2\/pages"}],"about":[{"href":"https:\/\/www.maldonadosautorepair.com\/es\/wp-json\/wp\/v2\/types\/page"}],"author":[{"embeddable":true,"href":"https:\/\/www.maldonadosautorepair.com\/es\/wp-json\/wp\/v2\/users\/1"}],"replies":[{"embeddable":true,"href":"https:\/\/www.maldonadosautorepair.com\/es\/wp-json\/wp\/v2\/comments?post=1118"}],"version-history":[{"count":0,"href":"https:\/\/www.maldonadosautorepair.com\/es\/wp-json\/wp\/v2\/pages\/1118\/revisions"}],"wp:attachment":[{"href":"https:\/\/www.maldonadosautorepair.com\/es\/wp-json\/wp\/v2\/media?parent=1118"}],"curies":[{"name":"wp","href":"https:\/\/api.w.org\/{rel}","templated":true}]}}