{"id":1130,"date":"2016-11-17T16:38:26","date_gmt":"2016-11-17T16:38:26","guid":{"rendered":"http:\/\/www.maldonadosautorepair.com\/?page_id=1130&#038;lang=es"},"modified":"2024-09-19T23:11:50","modified_gmt":"2024-09-19T23:11:50","slug":"principal","status":"publish","type":"page","link":"https:\/\/www.maldonadosautorepair.com\/es\/","title":{"rendered":"PRINCIPAL"},"content":{"rendered":"<p>[vc_row content_width=&#8221;full&#8221; fullwidth=&#8221;yes&#8221; type=&#8221;full-width&#8221; css=&#8221;.vc_custom_1635432682826{border-top-width: 5px !important;padding-top: 0px !important;padding-bottom: 0px !important;background-color: #005db4 !important;border-top-color: #fcba2d !important;border-top-style: solid !important;}&#8221;][vc_column width=&#8221;1\/6&#8243;][\/vc_column][vc_column width=&#8221;2\/3&#8243;][vc_column_text]\n\t\t<!-- MasterSlider -->\n\t\t<div id=\"P_MS69d015469d84b\" class=\"master-slider-parent msl ms-parent-id-1\" style=\"max-width:1400px;\">\n\n\t\t\t\n\t\t\t<!-- MasterSlider Main -->\n\t\t\t<div id=\"MS69d015469d84b\" class=\"master-slider ms-skin-default\" >\n\t\t\t\t \t\t\t\t \n\t\t\t\t<div  class=\"ms-slide\" data-delay=\"3\" data-fill-mode=\"fill\"  >\n\t\t\t\t\t<img decoding=\"async\" src=\"https:\/\/www.maldonadosautorepair.com\/wp-content\/plugins\/master-slider\/public\/assets\/css\/blank.gif\" alt=\"\" title=\"\" data-src=\"https:\/\/www.maldonadosautorepair.com\/wp-content\/uploads\/2021\/10\/WebBanerssES01.jpg\" \/>\n\n\n\t<div class=\"ms-thumb\" ><div class=\"ms-tab-context\"><div class=\"&quot;ms-tab-context&quot;\"><\/div><\/div>\n<\/div>\n\t\t\t\t<\/div>\n\t\t\t\t<div  class=\"ms-slide\" data-delay=\"3\" data-fill-mode=\"fill\"  >\n\t\t\t\t\t<img decoding=\"async\" src=\"https:\/\/www.maldonadosautorepair.com\/wp-content\/plugins\/master-slider\/public\/assets\/css\/blank.gif\" alt=\"\" title=\"\" data-src=\"https:\/\/www.maldonadosautorepair.com\/wp-content\/uploads\/2021\/10\/WebBanerssES02.jpg\" \/>\n\n\n\t<div class=\"ms-thumb\" ><div class=\"ms-tab-context\"><div class=\"&quot;ms-tab-context&quot;\"><\/div><\/div>\n<\/div>\n\t\t\t\t<\/div>\n\t\t\t\t<div  class=\"ms-slide\" data-delay=\"3\" data-fill-mode=\"fill\"  >\n\t\t\t\t\t<img decoding=\"async\" src=\"https:\/\/www.maldonadosautorepair.com\/wp-content\/plugins\/master-slider\/public\/assets\/css\/blank.gif\" alt=\"\" title=\"\" data-src=\"https:\/\/www.maldonadosautorepair.com\/wp-content\/uploads\/2021\/10\/WebBanerssES03.jpg\" \/>\n\n\n\t<div class=\"ms-thumb\" ><div class=\"ms-tab-context\"><div class=\"&quot;ms-tab-context&quot;\"><\/div><\/div>\n<\/div>\n\t\t\t\t<\/div>\n\n\t\t\t<\/div>\n\t\t\t<!-- END MasterSlider Main -->\n\n\t\t\t \n\t\t<\/div>\n\t\t<!-- END MasterSlider -->\n\n\t\t<script>\n\t\t(function ( $ ) {\n\t\t\t\"use strict\";\n\n\t\t\t$(function () {\n\t\t\t\tvar masterslider_d84b = new MasterSlider();\n\n\t\t\t\t\/\/ slider controls\n\t\t\t\tmasterslider_d84b.control('arrows'     ,{ autohide:true, overVideo:true  });\n\t\t\t\t\/\/ slider setup\n\t\t\t\tmasterslider_d84b.setup(\"MS69d015469d84b\", {\n\t\t\t\t\t\twidth           : 1400,\n\t\t\t\t\t\theight          : 450,\n\t\t\t\t\t\tminHeight       : 0,\n\t\t\t\t\t\tspace           : 0,\n\t\t\t\t\t\tstart           : 1,\n\t\t\t\t\t\tgrabCursor      : true,\n\t\t\t\t\t\tswipe           : true,\n\t\t\t\t\t\tmouse           : true,\n\t\t\t\t\t\tlayout          : \"boxed\",\n\t\t\t\t\t\twheel           : false,\n\t\t\t\t\t\tautoplay        : true,\n\t\t\t\t\t\tinstantStartLayers:false,\n\t\t\t\t\t\tloop            : true,\n\t\t\t\t\t\tshuffle         : true,\n\t\t\t\t\t\tpreload         : 0,\n\t\t\t\t\t\theightLimit     : true,\n\t\t\t\t\t\tautoHeight      : false,\n\t\t\t\t\t\tsmoothHeight    : true,\n\t\t\t\t\t\tendPause        : false,\n\t\t\t\t\t\toverPause       : true,\n\t\t\t\t\t\tfillMode        : \"fill\",\n\t\t\t\t\t\tcenterControls  : true,\n\t\t\t\t\t\tstartOnAppear   : false,\n\t\t\t\t\t\tlayersMode      : \"center\",\n\t\t\t\t\t\thideLayers      : false,\n\t\t\t\t\t\tfullscreenMargin: 0,\n\t\t\t\t\t\tspeed           : 20,\n\t\t\t\t\t\tdir             : \"h\",\n\t\t\t\t\t\tparallaxMode    : 'swipe',\n\t\t\t\t\t\tview            : \"basic\"\n\t\t\t\t});\n\n\t\t\t\t\n\t\t\t\twindow.masterslider_instances = window.masterslider_instances || [];\n\t\t\t\twindow.masterslider_instances.push( masterslider_d84b );\n\t\t\t });\n\n\t\t})(jQuery);\n\t\t<\/script>\n\n[\/vc_column_text][\/vc_column][vc_column width=&#8221;1\/6&#8243;][\/vc_column][\/vc_row][vc_row equal_height=&#8221;yes&#8221; content_placement=&#8221;middle&#8221; type=&#8221;full-width&#8221; top_margin=&#8221;page-margin-top-section&#8221; css=&#8221;.vc_custom_1726787390207{padding-top: 50px !important;padding-bottom: 50px !important;background-color: #f5f5f5 !important;}&#8221; responsive=&#8221;vc_hidden-sm vc_hidden-xs&#8221;][vc_column width=&#8221;1\/2&#8243;][vc_single_image image=&#8221;1285&#8243; img_size=&#8221;full&#8221; alignment=&#8221;center&#8221; style=&#8221;vc_box_border&#8221; border_color=&#8221;black&#8221;][\/vc_column][vc_column el_class=&#8221;padding-left-right-100 padding-bottom-66&#8243; width=&#8221;1\/2&#8243;][vc_custom_heading text=&#8221;35 A\u00d1OS DE EXPERIENCIA&#8221; font_container=&#8221;tag:h1|font_size:42|text_align:left|color:%23000000|line_height:1.1&#8243; use_theme_fonts=&#8221;yes&#8221;][vc_column_text]<\/p>\n<p style=\"text-align: justify;\">La dedicaci\u00f3n, la honestidad y la experiencia han sido la clave de nuestro \u00e9xito, lo que sin duda nos ha ayudado a convertirnos en los mejores en la certificaci\u00f3n de la industria de detalles automotrices en el Estado de Washington.<\/p>\n<p style=\"text-align: justify;\">Nuestra misi\u00f3n es brindar el m\u00e1s alto nivel de servicio al cliente a un precio asequible. Estamos muy orgullosos de nuestro trabajo y nos esforzamos por ofrecer un trabajo de calidad.<\/p>\n<p>[\/vc_column_text][\/vc_column][\/vc_row][vc_row equal_height=&#8221;yes&#8221; content_placement=&#8221;middle&#8221; type=&#8221;full-width&#8221; top_margin=&#8221;page-margin-top-section&#8221; css=&#8221;.vc_custom_1726787403094{padding-top: 0px !important;padding-bottom: 50px !important;background-color: #f5f5f5 !important;}&#8221; responsive=&#8221;vc_hidden-lg vc_hidden-md&#8221;][vc_column][vc_single_image image=&#8221;1285&#8243; img_size=&#8221;full&#8221; alignment=&#8221;center&#8221; style=&#8221;vc_box_border&#8221; border_color=&#8221;black&#8221;][vc_empty_space][vc_custom_heading text=&#8221;35 A\u00d1OS DE EXPERIENCIA&#8221; font_container=&#8221;tag:h1|font_size:42|text_align:center|color:%23000000|line_height:1.1&#8243; use_theme_fonts=&#8221;yes&#8221;][vc_column_text css=&#8221;.vc_custom_1726787422296{padding-right: 20px !important;padding-left: 20px !important;}&#8221;]<\/p>\n<p style=\"text-align: justify;\">La dedicaci\u00f3n, la honestidad y la experiencia han sido la clave de nuestro \u00e9xito, lo que sin duda nos ha ayudado a convertirnos en los mejores en la certificaci\u00f3n de la industria de detalles automotrices en el Estado de Washington.<\/p>\n<p style=\"text-align: justify;\">Nuestra misi\u00f3n es brindar el m\u00e1s alto nivel de servicio al cliente a un precio asequible. Estamos muy orgullosos de nuestro trabajo y nos esforzamos por ofrecer un trabajo de calidad.<\/p>\n<p>[\/vc_column_text][\/vc_column][\/vc_row][vc_row fullwidth=&#8221;yes&#8221; css=&#8221;.vc_custom_1726786176951{border-bottom-width: 5px !important;padding-top: 20px !important;padding-bottom: 20px !important;background-color: #000000 !important;background-position: center !important;background-repeat: no-repeat !important;background-size: cover !important;border-bottom-color: #ffffff !important;border-bottom-style: solid !important;}&#8221;][vc_column width=&#8221;1\/4&#8243;][vc_single_image image=&#8221;1269&#8243; img_size=&#8221;full&#8221;][\/vc_column][vc_column width=&#8221;1\/4&#8243;][vc_single_image image=&#8221;1267&#8243; img_size=&#8221;full&#8221;][\/vc_column][vc_column width=&#8221;1\/4&#8243;][vc_single_image image=&#8221;1275&#8243; img_size=&#8221;full&#8221;][\/vc_column][vc_column width=&#8221;1\/4&#8243;][vc_single_image image=&#8221;1283&#8243; img_size=&#8221;full&#8221;][\/vc_column][\/vc_row][vc_row color_skin=&#8221;skin-dark&#8221; fullwidth=&#8221;yes&#8221; type=&#8221;full-width&#8221; css=&#8221;.vc_custom_1726787437438{padding-top: 50px !important;padding-right: 20px !important;padding-bottom: 50px !important;padding-left: 20px !important;background-image: url(http:\/\/www.maldonadosautorepair.com\/wp-content\/uploads\/2020\/11\/formbg.jpg?id=1263) !important;background-position: center !important;background-repeat: no-repeat !important;background-size: cover !important;}&#8221;][vc_column width=&#8221;1\/6&#8243;][\/vc_column][vc_column width=&#8221;2\/3&#8243; css=&#8221;.vc_custom_1606487674571{padding-top: 25px !important;padding-right: 25px !important;padding-bottom: 25px !important;padding-left: 25px !important;}&#8221;][vc_custom_heading text=&#8221;Obtenga Su Presupuesto Gratis&#8221; font_container=&#8221;tag:h2|font_size:42|text_align:center|color:%23ffffff&#8221; use_theme_fonts=&#8221;yes&#8221;]\n<div class=\"wpcf7 no-js\" id=\"wpcf7-f1347-o1\" lang=\"en-US\" dir=\"ltr\" data-wpcf7-id=\"1347\">\n<div class=\"screen-reader-response\"><p role=\"status\" aria-live=\"polite\" aria-atomic=\"true\"><\/p> <ul><\/ul><\/div>\n<form action=\"\/es\/wp-json\/wp\/v2\/pages\/1130#wpcf7-f1347-o1\" method=\"post\" class=\"wpcf7-form init\" aria-label=\"Contact form\" novalidate=\"novalidate\" data-status=\"init\">\n<fieldset class=\"hidden-fields-container\"><input type=\"hidden\" name=\"_wpcf7\" value=\"1347\" \/><input type=\"hidden\" name=\"_wpcf7_version\" value=\"6.1.5\" \/><input type=\"hidden\" name=\"_wpcf7_locale\" value=\"en_US\" \/><input type=\"hidden\" name=\"_wpcf7_unit_tag\" value=\"wpcf7-f1347-o1\" \/><input type=\"hidden\" name=\"_wpcf7_container_post\" value=\"0\" \/><input type=\"hidden\" name=\"_wpcf7_posted_data_hash\" value=\"\" \/>\n<\/fieldset>\n<div class=\"g5plus-contact-form clearfix\">\n\t<p><span id=\"wpcf7-69d01546a045a-wrapper\" class=\"wpcf7-form-control-wrap honeypot-862-wrap\" ><input type=\"hidden\" name=\"honeypot-862-time-start\" value=\"1775244614\"><input type=\"hidden\" name=\"honeypot-862-time-check\" value=\"4\"><label for=\"wpcf7-69d01546a045a-field\" class=\"hp-message\">Please leave this field empty.<\/label><input id=\"wpcf7-69d01546a045a-field\"  placeholder=\"Honeypot\"  class=\"wpcf7-form-control wpcf7-text\" type=\"text\" name=\"honeypot-862\" value=\"\" size=\"40\" tabindex=\"-1\" autocomplete=\"new-password\" \/><\/span><br \/>\n\t<div class=\"wpcf7-response-output\" aria-hidden=\"true\"><\/div>\n\t<div class= \"column-2\">\n\t\t<div class=\"ct-name ct-left\">\n\t\t\t<p><span class=\"wpcf7-form-control-wrap\" data-name=\"your-name\"><input size=\"40\" maxlength=\"400\" class=\"wpcf7-form-control wpcf7-text wpcf7-validates-as-required\" aria-required=\"true\" aria-invalid=\"false\" placeholder=\"Cu\u00e1l Es Tu Nombre? *\" value=\"\" type=\"text\" name=\"your-name\" \/><\/span>\n\t\t\t<\/p>\n\t\t<\/div>\n\t\t<div class=\"ct-email ct-right\">\n\t\t\t<p><span class=\"wpcf7-form-control-wrap\" data-name=\"your-email\"><input size=\"40\" maxlength=\"400\" class=\"wpcf7-form-control wpcf7-email wpcf7-validates-as-required wpcf7-text wpcf7-validates-as-email\" aria-required=\"true\" aria-invalid=\"false\" placeholder=\"Cual Es Tu Email *\" value=\"\" type=\"email\" name=\"your-email\" \/><\/span>\n\t\t\t<\/p>\n\t\t<\/div>\n\t<\/div>\n\t<div class= \"column-2\">\n\t\t<div class=\"ct-name ct-left\">\n\t\t\t<p><span class=\"wpcf7-form-control-wrap\" data-name=\"your-phone\"><input size=\"40\" maxlength=\"400\" class=\"wpcf7-form-control wpcf7-tel wpcf7-validates-as-required wpcf7-text wpcf7-validates-as-tel\" aria-required=\"true\" aria-invalid=\"false\" placeholder=\"Tu Numero De Tel\u00e9fono *\" value=\"\" type=\"tel\" name=\"your-phone\" \/><\/span>\n\t\t\t<\/p>\n\t\t<\/div>\n\t\t<div class=\"ct-email ct-right\">\n\t\t\t<p><span class=\"wpcf7-form-control-wrap\" data-name=\"your-service\"><select class=\"wpcf7-form-control wpcf7-select\" aria-invalid=\"false\" name=\"your-service\"><option value=\"\">Por Favor Selecciona<\/option><option value=\"Pintura\">Pintura<\/option><option value=\"Hojalater\u00eda\">Hojalater\u00eda<\/option><option value=\"Trabajos en Chasis\">Trabajos en Chasis<\/option><option value=\"Instalaci\u00f3n de Body Kits\">Instalaci\u00f3n de Body Kits<\/option><option value=\"Instalaci\u00f3n de Cofres\">Instalaci\u00f3n de Cofres<\/option><option value=\"Instalaci\u00f3n de Salpicaderas\">Instalaci\u00f3n de Salpicaderas<\/option><option value=\"Instalaci\u00f3n de Defensas\">Instalaci\u00f3n de Defensas<\/option><option value=\"Instalaci\u00f3n o Reparaci\u00f3n de Mofles\">Instalaci\u00f3n o Reparaci\u00f3n de Mofles<\/option><option value=\"Instalaci\u00f3n de Elevadores de Cristales y Puertas\">Instalaci\u00f3n de Elevadores de Cristales y Puertas<\/option><option value=\"Instalaci\u00f3n de Quemacocos Manuales\">Instalaci\u00f3n de Quemacocos Manuales<\/option><option value=\"Instalaci\u00f3n de Parabrisas\">Instalaci\u00f3n de Parabrisas<\/option><option value=\"Ayuda Para Localizar Partes de Auto\">Ayuda Para Localizar Partes de Auto<\/option><\/select><\/span>\n\t\t\t<\/p>\n\t\t<\/div>\n\t<\/div>\n\t<div>\n\t\t<p><span class=\"wpcf7-form-control-wrap\" data-name=\"your-message\"><textarea cols=\"40\" rows=\"10\" maxlength=\"2000\" class=\"wpcf7-form-control wpcf7-textarea wpcf7-validates-as-required\" aria-required=\"true\" aria-invalid=\"false\" placeholder=\"Como Podemos Ayudarte? *\" name=\"your-message\"><\/textarea><\/span>\n\t\t<\/p>\n\t<\/div>\n\t<div class=\"btn-submit\">\n\t\t<p><input class=\"wpcf7-form-control wpcf7-submit has-spinner btn btn-orange\" type=\"submit\" value=\"\u2192 ENVIAR FORMULARIO! \u2190\" \/>\n\t\t<\/p>\n\t<\/div>\n<\/div>\n<\/form>\n<\/div>\n[\/vc_column][vc_column width=&#8221;1\/6&#8243;][\/vc_column][\/vc_row]<\/p>\n","protected":false},"excerpt":{"rendered":"<p>[vc_row content_width=&#8221;full&#8221; fullwidth=&#8221;yes&#8221; type=&#8221;full-width&#8221; css=&#8221;.vc_custom_1635432682826{border-top-width: 5px !important;padding-top: 0px !important;padding-bottom: 0px !important;background-color: #005db4 !important;border-top-color: #fcba2d !important;border-top-style: solid !important;}&#8221;][vc_column width=&#8221;1\/6&#8243;][\/vc_column][vc_column width=&#8221;2\/3&#8243;][vc_column_text][\/vc_column_text][\/vc_column][vc_column width=&#8221;1\/6&#8243;][\/vc_column][\/vc_row][vc_row equal_height=&#8221;yes&#8221; content_placement=&#8221;middle&#8221; type=&#8221;full-width&#8221; top_margin=&#8221;page-margin-top-section&#8221; css=&#8221;.vc_custom_1726787390207{padding-top: 50px !important;padding-bottom: 50px !important;background-color: #f5f5f5 !important;}&#8221; responsive=&#8221;vc_hidden-sm vc_hidden-xs&#8221;][vc_column width=&#8221;1\/2&#8243;][vc_single_image image=&#8221;1285&#8243; img_size=&#8221;full&#8221; alignment=&#8221;center&#8221; style=&#8221;vc_box_border&#8221; border_color=&#8221;black&#8221;][\/vc_column][vc_column el_class=&#8221;padding-left-right-100 padding-bottom-66&#8243; width=&#8221;1\/2&#8243;][vc_custom_heading text=&#8221;35 A\u00d1OS DE EXPERIENCIA&#8221; font_container=&#8221;tag:h1|font_size:42|text_align:left|color:%23000000|line_height:1.1&#8243; use_theme_fonts=&#8221;yes&#8221;][vc_column_text] La dedicaci\u00f3n, la honestidad y la experiencia [&hellip;]<\/p>\n","protected":false},"author":1,"featured_media":0,"parent":0,"menu_order":0,"comment_status":"closed","ping_status":"closed","template":"","meta":{"footnotes":""},"class_list":["post-1130","page","type-page","status-publish","hentry"],"aioseo_notices":[],"_links":{"self":[{"href":"https:\/\/www.maldonadosautorepair.com\/es\/wp-json\/wp\/v2\/pages\/1130","targetHints":{"allow":["GET"]}}],"collection":[{"href":"https:\/\/www.maldonadosautorepair.com\/es\/wp-json\/wp\/v2\/pages"}],"about":[{"href":"https:\/\/www.maldonadosautorepair.com\/es\/wp-json\/wp\/v2\/types\/page"}],"author":[{"embeddable":true,"href":"https:\/\/www.maldonadosautorepair.com\/es\/wp-json\/wp\/v2\/users\/1"}],"replies":[{"embeddable":true,"href":"https:\/\/www.maldonadosautorepair.com\/es\/wp-json\/wp\/v2\/comments?post=1130"}],"version-history":[{"count":0,"href":"https:\/\/www.maldonadosautorepair.com\/es\/wp-json\/wp\/v2\/pages\/1130\/revisions"}],"wp:attachment":[{"href":"https:\/\/www.maldonadosautorepair.com\/es\/wp-json\/wp\/v2\/media?parent=1130"}],"curies":[{"name":"wp","href":"https:\/\/api.w.org\/{rel}","templated":true}]}}